{"id":2168,"date":"2018-06-21T10:07:00","date_gmt":"2018-06-21T10:07:00","guid":{"rendered":"http:\/\/asiattorney.amagumolabs.io\/detail-albert-franceskinj\/"},"modified":"2023-07-21T12:41:57","modified_gmt":"2023-07-21T12:41:57","slug":"detail-albert-franceskinj","status":"publish","type":"page","link":"https:\/\/www.asiattorney.com\/fr\/detail-albert-franceskinj\/","title":{"rendered":"Detail Albert Franceskinj"},"content":{"rendered":"<div class=\"wpb-content-wrapper\">[mk_page_section bg_color=\u00a0\u00bb#f3ecec\u00a0\u00bb bg_position=\u00a0\u00bbcenter center\u00a0\u00bb bg_repeat=\u00a0\u00bbno-repeat\u00a0\u00bb padding_top=\u00a0\u00bb80&Prime; padding_bottom=\u00a0\u00bb0&Prime; sidebar=\u00a0\u00bbsidebar-1&Prime;][vc_column][vc_row_inner][vc_column_inner width=\u00a0\u00bb1\/6&Prime;][vc_column_text css=\u00a0\u00bb.vc_custom_1582708205386{margin-bottom: 0px !important;}\u00a0\u00bb]<a class=\"back\" href=\"\/fr\/lequipe\/\">\u2190 Retour<\/a>[\/vc_column_text][\/vc_column_inner][vc_column_inner width=\u00a0\u00bb2\/3&Prime;][vc_column_text align=\u00a0\u00bbcenter\u00a0\u00bb margin_bottom=\u00a0\u00bb40&Prime; css=\u00a0\u00bb.vc_custom_1529575584782{margin-bottom: 0px !important;}\u00a0\u00bb]\n<h2><strong>Albert FRANCESKINJ<\/strong><\/h2>\n[\/vc_column_text][vc_column_text align=\u00a0\u00bbcenter\u00a0\u00bb margin_bottom=\u00a0\u00bb50&Prime; css=\u00a0\u00bb.vc_custom_1578645311354{margin-bottom: 0px !important;}\u00a0\u00bb]Avocat au Barreau de Paris | Vietnam (Registered Foreign Attorney)[\/vc_column_text][\/vc_column_inner][vc_column_inner width=\u00a0\u00bb1\/6&Prime;][\/vc_column_inner][\/vc_row_inner][\/vc_column][\/mk_page_section][mk_page_section bg_color=\u00a0\u00bb#f7f7f7&Prime; bg_position=\u00a0\u00bbcenter center\u00a0\u00bb bg_repeat=\u00a0\u00bbno-repeat\u00a0\u00bb padding_top=\u00a0\u00bb40&Prime; padding_bottom=\u00a0\u00bb40&Prime; el_class=\u00a0\u00bbhas-bg-overlay overlay&#8211;left light-red small\u00a0\u00bb sidebar=\u00a0\u00bbsidebar-1&Prime;][vc_column][vc_row_inner][vc_column_inner width=\u00a0\u00bb1\/3&Prime;][mk_image src=\u00a0\u00bbhttp:\/\/asiattorney.com\/wp-content\/uploads\/image_mralbert.jpeg\u00a0\u00bb image_size=\u00a0\u00bbfull\u00a0\u00bb align=\u00a0\u00bbcenter\u00a0\u00bb][vc_column_text align=\u00a0\u00bbcenter\u00a0\u00bb css=\u00a0\u00bb.vc_custom_1576835558491{margin-bottom: 0px !important;}\u00a0\u00bb]\n<h5>Fondateur<\/h5>\n[\/vc_column_text][vc_column_text align=\u00a0\u00bbcenter\u00a0\u00bb css=\u00a0\u00bb.vc_custom_1576835578357{margin-bottom: 0px !important;}\u00a0\u00bb]Paris | Ho Chi Minh Ville |<br \/>\nHong Kong | Singapore[\/vc_column_text][\/vc_column_inner][vc_column_inner width=\u00a0\u00bb2\/3&Prime;][vc_column_text css=\u00a0\u00bb.vc_custom_1536397933568{margin-bottom: 0px !important;}\u00a0\u00bb]\n<h3>Albert FRANCESKINJ<\/h3>\n[\/vc_column_text][vc_column_text css=\u00a0\u00bb.vc_custom_1582707647005{margin-bottom: 0px !important;}\u00a0\u00bb]\n<p class=\"text-out-team\">Titulaire d\u2019un Master I en Droit des Affaires de l\u2019Universit\u00e9 Panth\u00e9on Assas (Paris-II), il a d\u00e9but\u00e9 sa carri\u00e8re en France en tant que juriste d\u2019entreprise dans les secteurs informatique et bancaire (1979-1992), puis en cabinet d\u2019avocats parisien (1992-1995); il a ensuite exerc\u00e9 dans un cabinet international d\u2019origine fran\u00e7aise (DS Avocats) bas\u00e9 \u00e0 Paris, puis au Vietnam (1996-2010) o\u00f9 il \u00e9tait responsable pays et associ\u00e9 r\u00e9sident.<\/p>\n<p class=\"text-out-team\">Sa double culture franco-vietnamienne, sa grande exp\u00e9rience de la pratique des affaires au Vietnam, en Tha\u00eflande, au Cambodge et au Laos depuis 1995, ainsi que sa reconnaissance par les milieux institutionnels et d\u2019affaires sont des atouts ma\u00eetres qu\u2019il met \u00e0 la disposition des clients. Il est notamment capable de n\u00e9gocier directement en vietnamien au nom des clients durant les proc\u00e9dures d\u2019acquisition, de restructuration, ou avec les autorit\u00e9s vietnamiennes.<\/p>\n<p class=\"text-out-team\">He is able to propose innovative solutions matching our clients&rsquo; specific needs, help identify targets or investors in M&amp;A operations and advises the client whether seller or purchaser throughout the whole process. He supports greenfield projects with dedicated project management to ease the implementation phase and ensure successuflu launching of operations.<\/p>\n<p class=\"text-out-team\">Albert est \u00e9galement Secr\u00e9taire g\u00e9n\u00e9ral de la <strong>Chambre de Commerce et d\u2019Industrie Fran\u00e7aise au Vietnam (C.C.I.F.V.)<\/strong>, Vice-pr\u00e9sident de <strong>l\u2019Association des Hommes d\u2019Affaires d\u2019origine vietnamienne (OVIBA)<\/strong>, arbitre inscrit sur la liste du <strong>Vietnam International Arbitration Center (V.I.A.C)<\/strong>, ancien<strong> Conseiller du Commerce Ext\u00e9rieur pour la France (CCEF)<\/strong> et l&rsquo;ancien Avocat Conseil du Consulat Fran\u00e7ais \u00e0 Ho Chi Minh Ville (jusqu&rsquo;en 2013). Il a \u00e9galement enseign\u00e9 le droit dans le cadre de la coop\u00e9ration juridiques France-Vietnam au sein de la Maison du Droit et du CFVG (Centre Franco-Vietnamien de Formation \u00e0 la Gestion) et donne des conf\u00e9rences aupr\u00e8s de <strong>l&rsquo;EU-Vietnam Business Network (EVBN).<\/strong><\/p>\n<p><em>Langues : francais (langue natale), vietnamien (langue maternelle), Anglais, Italien<\/em>[\/vc_column_text][\/vc_column_inner][\/vc_row_inner][\/vc_column][\/mk_page_section][mk_page_section bg_position=\u00a0\u00bbcenter center\u00a0\u00bb bg_repeat=\u00a0\u00bbno-repeat\u00a0\u00bb padding_top=\u00a0\u00bb80&Prime; padding_bottom=\u00a0\u00bb0&Prime; sidebar=\u00a0\u00bbsidebar-1&Prime;][vc_column][vc_row_inner][vc_column_inner width=\u00a0\u00bb1\/6&Prime;][\/vc_column_inner][vc_column_inner width=\u00a0\u00bb2\/3&Prime;][vc_column_text align=\u00a0\u00bbcenter\u00a0\u00bb margin_bottom=\u00a0\u00bb40&Prime; css=\u00a0\u00bb.vc_custom_1576835769034{margin-bottom: 0px !important;}\u00a0\u00bb]\n<h2><strong>Autres membres de l\u2019\u00e9quipe<\/strong><\/h2>\n[\/vc_column_text][\/vc_column_inner][vc_column_inner width=\u00a0\u00bb1\/6&Prime;][\/vc_column_inner][\/vc_row_inner][vc_row_inner el_class=\u00a0\u00bbdetail-team-member\u00a0\u00bb][vc_column_inner width=\u00a0\u00bb1\/4&Prime;][mk_icon_box icon=\u00a0\u00bb\u00a0\u00bb title=\u00a0\u00bbAlejandro DOMINGUEZ\u00a0\u00bb read_more_url=\u00a0\u00bbhttp:\/\/asiattorney.com\/fr\/detail-alejandro-dominguez\/\u00a0\u00bb icon_color=\u00a0\u00bb\u00a0\u00bb icon_circle_color=\u00a0\u00bb\u00a0\u00bb]Avocat au barreau de Madrid, Associ\u00e9, Consul Honoraire d\u2019Espagne au Vietnam[\/mk_icon_box][\/vc_column_inner][vc_column_inner width=\u00a0\u00bb1\/4&Prime;][mk_icon_box icon=\u00a0\u00bb\u00a0\u00bb title=\u00a0\u00bbCaroline CHAZARD\u00a0\u00bb read_more_url=\u00a0\u00bbhttp:\/\/asiattorney.com\/fr\/caroline-chazard\/\u00a0\u00bb icon_color=\u00a0\u00bb\u00a0\u00bb icon_circle_color=\u00a0\u00bb\u00a0\u00bb]Avocat au Barreau de Paris, Bas\u00e9 en France.[\/mk_icon_box][\/vc_column_inner][vc_column_inner width=\u00a0\u00bb1\/4&Prime;][mk_icon_box icon=\u00a0\u00bb\u00a0\u00bb title=\u00a0\u00bbThuy Nhi Ph\u01b0\u01a1ng LUONG\u00a0\u00bb read_more_url=\u00a0\u00bbhttp:\/\/asiattorney.com\/fr\/detail-luongthuynhiphuong\/\u00a0\u00bb icon_color=\u00a0\u00bb\u00a0\u00bb icon_circle_color=\u00a0\u00bb\u00a0\u00bb]Avocat au barreau de Ho Chi Minh Ville, Collaboratrice[\/mk_icon_box][\/vc_column_inner][vc_column_inner width=\u00a0\u00bb1\/4&Prime;][mk_icon_box icon=\u00a0\u00bb\u00a0\u00bb title=\u00a0\u00bbDUONG Thanh Bao\u00a0\u00bb read_more_url=\u00a0\u00bbhttp:\/\/asiattorney.com\/fr\/detail-duongthanhbao\/\u00a0\u00bb icon_color=\u00a0\u00bb\u00a0\u00bb icon_circle_color=\u00a0\u00bb\u00a0\u00bb]Avocat, Collaboratrice junior<br \/>\n[\/mk_icon_box][\/vc_column_inner][\/vc_row_inner][vc_row_inner el_class=\u00a0\u00bbdetail-team-member\u00a0\u00bb][vc_column_inner width=\u00a0\u00bb1\/4&Prime;][mk_icon_box icon=\u00a0\u00bb\u00a0\u00bb title=\u00a0\u00bbHuyen NGUYEN\u00a0\u00bb read_more_url=\u00a0\u00bbhttp:\/\/asiattorney.com\/fr\/detail-huyennguyen\/\u00a0\u00bb icon_color=\u00a0\u00bb\u00a0\u00bb icon_circle_color=\u00a0\u00bb\u00a0\u00bb]Assistante trilingue[\/mk_icon_box][\/vc_column_inner][vc_column_inner width=\u00a0\u00bb1\/4&Prime;][mk_icon_box icon=\u00a0\u00bb\u00a0\u00bb title=\u00a0\u00bbJulien TRAN\u00a0\u00bb read_more_url=\u00a0\u00bbhttp:\/\/asiattorney.com\/fr\/detail-julien-tran\/\u00a0\u00bb icon_color=\u00a0\u00bb\u00a0\u00bb icon_circle_color=\u00a0\u00bb\u00a0\u00bb]Conseil, Expert en droit civil[\/mk_icon_box][\/vc_column_inner][vc_column_inner width=\u00a0\u00bb1\/4&Prime;][mk_icon_box icon=\u00a0\u00bb\u00a0\u00bb title=\u00a0\u00bbEvelyne NGUYEN\u00a0\u00bb read_more_url=\u00a0\u00bbhttp:\/\/asiattorney.com\/fr\/detail-evelyne-nguyen\/\u00a0\u00bb icon_color=\u00a0\u00bb\u00a0\u00bb icon_circle_color=\u00a0\u00bb\u00a0\u00bb]Conseil, expert en strat\u00e9gie Sant\u00e9, Pharma et Biotechnologies[\/mk_icon_box][\/vc_column_inner][vc_column_inner width=\u00a0\u00bb1\/4&Prime;][mk_icon_box icon=\u00a0\u00bb\u00a0\u00bb title=\u00a0\u00bbGuillaume LEMESLE\u00a0\u00bb read_more_url=\u00a0\u00bbhttp:\/\/asiattorney.com\/fr\/detail-guillaume-lemesle\/\u00a0\u00bb icon_color=\u00a0\u00bb\u00a0\u00bb icon_circle_color=\u00a0\u00bb\u00a0\u00bb]Conseil, expert et coach en d\u00e9veloppement professionnel[\/mk_icon_box][\/vc_column_inner][\/vc_row_inner][vc_row_inner el_class=\u00a0\u00bbdetail-team-member\u00a0\u00bb][vc_column_inner width=\u00a0\u00bb1\/4&Prime;][mk_icon_box icon=\u00a0\u00bb\u00a0\u00bb title=\u00a0\u00bbHubert MARTINI\u00a0\u00bb read_more_url=\u00a0\u00bbhttp:\/\/asiattorney.com\/fr\/detail-hubert-martini\/\u00a0\u00bb icon_color=\u00a0\u00bb\u00a0\u00bb icon_circle_color=\u00a0\u00bb\u00a0\u00bb]Conseil, expert en op\u00e9rations financi\u00e8res internationales[\/mk_icon_box][\/vc_column_inner][vc_column_inner width=\u00a0\u00bb1\/4&Prime;][mk_icon_box icon=\u00a0\u00bb\u00a0\u00bb title=\u00a0\u00bbDang NGUYEN HA\u00a0\u00bb read_more_url=\u00a0\u00bbhttp:\/\/asiattorney.com\/fr\/detail-nguyenhadang\/\u00a0\u00bb icon_color=\u00a0\u00bb\u00a0\u00bb icon_circle_color=\u00a0\u00bb\u00a0\u00bb]Conseil, expert et coach en d\u00e9veloppement professionnel[\/mk_icon_box][\/vc_column_inner][vc_column_inner width=\u00a0\u00bb1\/4&Prime;][mk_icon_box icon=\u00a0\u00bb\u00a0\u00bb title=\u00a0\u00bbJuliette MELY\u00a0\u00bb read_more_url=\u00a0\u00bbhttp:\/\/asiattorney.com\/fr\/detail-juliette-mely\/\u00a0\u00bb icon_color=\u00a0\u00bb\u00a0\u00bb icon_circle_color=\u00a0\u00bb\u00a0\u00bb]China Desk, Conseil Sp\u00e9cialiste du march\u00e9 chinois[\/mk_icon_box][\/vc_column_inner][vc_column_inner width=\u00a0\u00bb1\/4&Prime;][\/vc_column_inner][\/vc_row_inner][\/vc_column][\/mk_page_section]\n<\/div>","protected":false},"excerpt":{"rendered":"<p>[mk_page_section bg_color=\u00a0\u00bb#f3ecec\u00a0\u00bb bg_position=\u00a0\u00bbcenter center\u00a0\u00bb bg_repeat=\u00a0\u00bbno-repeat\u00a0\u00bb padding_top=\u00a0\u00bb80&Prime; padding_bottom=\u00a0\u00bb0&Prime; sidebar=\u00a0\u00bbsidebar-1&Prime;][vc_column][vc_row_inner][vc_column_inner width=\u00a0\u00bb1\/6&Prime;][vc_column_text css=\u00a0\u00bb.vc_custom_1582708205386{margin-bottom: 0px !important;}\u00a0\u00bb]\u2190 Retour[\/vc_column_text][\/vc_column_inner][vc_column_inner width=\u00a0\u00bb2\/3&Prime;][vc_column_text align=\u00a0\u00bbcenter\u00a0\u00bb margin_bottom=\u00a0\u00bb40&Prime; css=\u00a0\u00bb.vc_custom_1529575584782{margin-bottom: 0px !important;}\u00a0\u00bb] Albert FRANCESKINJ [\/vc_column_text][vc_column_text align=\u00a0\u00bbcenter\u00a0\u00bb margin_bottom=\u00a0\u00bb50&Prime; css=\u00a0\u00bb.vc_custom_1578645311354{margin-bottom: 0px !important;}\u00a0\u00bb]Avocat au Barreau de Paris | Vietnam (Registered Foreign Attorney)[\/vc_column_text][\/vc_column_inner][vc_column_inner width=\u00a0\u00bb1\/6&Prime;][\/vc_column_inner][\/vc_row_inner][\/vc_column][\/mk_page_section][mk_page_section bg_color=\u00a0\u00bb#f7f7f7&Prime; bg_position=\u00a0\u00bbcenter center\u00a0\u00bb bg_repeat=\u00a0\u00bbno-repeat\u00a0\u00bb padding_top=\u00a0\u00bb40&Prime; padding_bottom=\u00a0\u00bb40&Prime; el_class=\u00a0\u00bbhas-bg-overlay overlay&#8211;left light-red small\u00a0\u00bb sidebar=\u00a0\u00bbsidebar-1&Prime;][vc_column][vc_row_inner][vc_column_inner width=\u00a0\u00bb1\/3&Prime;][mk_image src=\u00a0\u00bbhttp:\/\/asiattorney.com\/wp-content\/uploads\/image_mralbert.jpeg\u00a0\u00bb image_size=\u00a0\u00bbfull\u00a0\u00bb align=\u00a0\u00bbcenter\u00a0\u00bb][vc_column_text align=\u00a0\u00bbcenter\u00a0\u00bb css=\u00a0\u00bb.vc_custom_1576835558491{margin-bottom: 0px [&hellip;]<\/p>\n","protected":false},"author":5,"featured_media":0,"parent":0,"menu_order":0,"comment_status":"closed","ping_status":"closed","template":"","meta":{"footnotes":""},"class_list":["post-2168","page","type-page","status-publish","hentry"],"yoast_head":"<!-- This site is optimized with the Yoast SEO plugin v23.5 - https:\/\/yoast.com\/wordpress\/plugins\/seo\/ -->\n<title>Detail Albert Franceskinj - Fidal Asiattorneys<\/title>\n<meta name=\"robots\" content=\"index, follow, max-snippet:-1, max-image-preview:large, max-video-preview:-1\" \/>\n<link rel=\"canonical\" href=\"https:\/\/www.asiattorney.com\/fr\/detail-albert-franceskinj\/\" \/>\n<meta property=\"og:locale\" content=\"fr_FR\" \/>\n<meta property=\"og:type\" content=\"article\" \/>\n<meta property=\"og:title\" content=\"Detail Albert Franceskinj - Fidal Asiattorneys\" \/>\n<meta property=\"og:description\" content=\"[mk_page_section bg_color=\u00a0\u00bb#f3ecec\u00a0\u00bb bg_position=\u00a0\u00bbcenter center\u00a0\u00bb bg_repeat=\u00a0\u00bbno-repeat\u00a0\u00bb padding_top=\u00a0\u00bb80&Prime; padding_bottom=\u00a0\u00bb0&Prime; sidebar=\u00a0\u00bbsidebar-1&Prime;][vc_column][vc_row_inner][vc_column_inner width=\u00a0\u00bb1\/6&Prime;][vc_column_text css=\u00a0\u00bb.vc_custom_1582708205386{margin-bottom: 0px !important;}\u00a0\u00bb]\u2190 Retour[\/vc_column_text][\/vc_column_inner][vc_column_inner width=\u00a0\u00bb2\/3&Prime;][vc_column_text align=\u00a0\u00bbcenter\u00a0\u00bb margin_bottom=\u00a0\u00bb40&Prime; css=\u00a0\u00bb.vc_custom_1529575584782{margin-bottom: 0px !important;}\u00a0\u00bb] Albert FRANCESKINJ [\/vc_column_text][vc_column_text align=\u00a0\u00bbcenter\u00a0\u00bb margin_bottom=\u00a0\u00bb50&Prime; css=\u00a0\u00bb.vc_custom_1578645311354{margin-bottom: 0px !important;}\u00a0\u00bb]Avocat au Barreau de Paris | Vietnam (Registered Foreign Attorney)[\/vc_column_text][\/vc_column_inner][vc_column_inner width=\u00a0\u00bb1\/6&Prime;][\/vc_column_inner][\/vc_row_inner][\/vc_column][\/mk_page_section][mk_page_section bg_color=\u00a0\u00bb#f7f7f7&Prime; bg_position=\u00a0\u00bbcenter center\u00a0\u00bb bg_repeat=\u00a0\u00bbno-repeat\u00a0\u00bb padding_top=\u00a0\u00bb40&Prime; padding_bottom=\u00a0\u00bb40&Prime; el_class=\u00a0\u00bbhas-bg-overlay overlay&#8211;left light-red small\u00a0\u00bb sidebar=\u00a0\u00bbsidebar-1&Prime;][vc_column][vc_row_inner][vc_column_inner width=\u00a0\u00bb1\/3&Prime;][mk_image src=\u00a0\u00bbhttp:\/\/asiattorney.com\/wp-content\/uploads\/image_mralbert.jpeg\u00a0\u00bb image_size=\u00a0\u00bbfull\u00a0\u00bb align=\u00a0\u00bbcenter\u00a0\u00bb][vc_column_text align=\u00a0\u00bbcenter\u00a0\u00bb css=\u00a0\u00bb.vc_custom_1576835558491{margin-bottom: 0px [&hellip;]\" \/>\n<meta property=\"og:url\" content=\"https:\/\/www.asiattorney.com\/fr\/detail-albert-franceskinj\/\" \/>\n<meta property=\"og:site_name\" content=\"Fidal Asiattorneys\" \/>\n<meta property=\"article:publisher\" content=\"https:\/\/www.facebook.com\/FidalAsiattorneys\" \/>\n<meta property=\"article:modified_time\" content=\"2023-07-21T12:41:57+00:00\" \/>\n<meta name=\"twitter:card\" content=\"summary_large_image\" \/>\n<meta name=\"twitter:label1\" content=\"Dur\u00e9e de lecture estim\u00e9e\" \/>\n\t<meta name=\"twitter:data1\" content=\"3 minutes\" \/>\n<script type=\"application\/ld+json\" class=\"yoast-schema-graph\">{\"@context\":\"https:\/\/schema.org\",\"@graph\":[{\"@type\":\"WebPage\",\"@id\":\"https:\/\/www.asiattorney.com\/fr\/detail-albert-franceskinj\/\",\"url\":\"https:\/\/www.asiattorney.com\/fr\/detail-albert-franceskinj\/\",\"name\":\"Detail Albert Franceskinj - Fidal Asiattorneys\",\"isPartOf\":{\"@id\":\"https:\/\/54.179.223.75\/#website\"},\"datePublished\":\"2018-06-21T10:07:00+00:00\",\"dateModified\":\"2023-07-21T12:41:57+00:00\",\"breadcrumb\":{\"@id\":\"https:\/\/www.asiattorney.com\/fr\/detail-albert-franceskinj\/#breadcrumb\"},\"inLanguage\":\"fr-FR\",\"potentialAction\":[{\"@type\":\"ReadAction\",\"target\":[\"https:\/\/www.asiattorney.com\/fr\/detail-albert-franceskinj\/\"]}]},{\"@type\":\"BreadcrumbList\",\"@id\":\"https:\/\/www.asiattorney.com\/fr\/detail-albert-franceskinj\/#breadcrumb\",\"itemListElement\":[{\"@type\":\"ListItem\",\"position\":1,\"name\":\"Home\",\"item\":\"https:\/\/www.asiattorney.com\/fr\/\"},{\"@type\":\"ListItem\",\"position\":2,\"name\":\"Detail Albert Franceskinj\"}]},{\"@type\":\"WebSite\",\"@id\":\"https:\/\/54.179.223.75\/#website\",\"url\":\"https:\/\/54.179.223.75\/\",\"name\":\"Fidal Asiattorneys\",\"description\":\"Your crossborder crossculture legal partner\",\"publisher\":{\"@id\":\"https:\/\/54.179.223.75\/#organization\"},\"potentialAction\":[{\"@type\":\"SearchAction\",\"target\":{\"@type\":\"EntryPoint\",\"urlTemplate\":\"https:\/\/54.179.223.75\/?s={search_term_string}\"},\"query-input\":{\"@type\":\"PropertyValueSpecification\",\"valueRequired\":true,\"valueName\":\"search_term_string\"}}],\"inLanguage\":\"fr-FR\"},{\"@type\":\"Organization\",\"@id\":\"https:\/\/54.179.223.75\/#organization\",\"name\":\"Fidal Asiattorneys\",\"url\":\"https:\/\/54.179.223.75\/\",\"logo\":{\"@type\":\"ImageObject\",\"inLanguage\":\"fr-FR\",\"@id\":\"https:\/\/54.179.223.75\/#\/schema\/logo\/image\/\",\"url\":\"http:\/\/asiattorney.com\/wp-content\/uploads\/fidal-logo.jpg\",\"contentUrl\":\"http:\/\/asiattorney.com\/wp-content\/uploads\/fidal-logo.jpg\",\"width\":311,\"height\":58,\"caption\":\"Fidal Asiattorneys\"},\"image\":{\"@id\":\"https:\/\/54.179.223.75\/#\/schema\/logo\/image\/\"},\"sameAs\":[\"https:\/\/www.facebook.com\/FidalAsiattorneys\",\"https:\/\/www.linkedin.com\/company\/fidal-asiattorneys-vietnam\/\"]}]}<\/script>\n<!-- \/ Yoast SEO plugin. -->","yoast_head_json":{"title":"Detail Albert Franceskinj - Fidal Asiattorneys","robots":{"index":"index","follow":"follow","max-snippet":"max-snippet:-1","max-image-preview":"max-image-preview:large","max-video-preview":"max-video-preview:-1"},"canonical":"https:\/\/www.asiattorney.com\/fr\/detail-albert-franceskinj\/","og_locale":"fr_FR","og_type":"article","og_title":"Detail Albert Franceskinj - Fidal Asiattorneys","og_description":"[mk_page_section bg_color=\u00a0\u00bb#f3ecec\u00a0\u00bb bg_position=\u00a0\u00bbcenter center\u00a0\u00bb bg_repeat=\u00a0\u00bbno-repeat\u00a0\u00bb padding_top=\u00a0\u00bb80&Prime; padding_bottom=\u00a0\u00bb0&Prime; sidebar=\u00a0\u00bbsidebar-1&Prime;][vc_column][vc_row_inner][vc_column_inner width=\u00a0\u00bb1\/6&Prime;][vc_column_text css=\u00a0\u00bb.vc_custom_1582708205386{margin-bottom: 0px !important;}\u00a0\u00bb]\u2190 Retour[\/vc_column_text][\/vc_column_inner][vc_column_inner width=\u00a0\u00bb2\/3&Prime;][vc_column_text align=\u00a0\u00bbcenter\u00a0\u00bb margin_bottom=\u00a0\u00bb40&Prime; css=\u00a0\u00bb.vc_custom_1529575584782{margin-bottom: 0px !important;}\u00a0\u00bb] Albert FRANCESKINJ [\/vc_column_text][vc_column_text align=\u00a0\u00bbcenter\u00a0\u00bb margin_bottom=\u00a0\u00bb50&Prime; css=\u00a0\u00bb.vc_custom_1578645311354{margin-bottom: 0px !important;}\u00a0\u00bb]Avocat au Barreau de Paris | Vietnam (Registered Foreign Attorney)[\/vc_column_text][\/vc_column_inner][vc_column_inner width=\u00a0\u00bb1\/6&Prime;][\/vc_column_inner][\/vc_row_inner][\/vc_column][\/mk_page_section][mk_page_section bg_color=\u00a0\u00bb#f7f7f7&Prime; bg_position=\u00a0\u00bbcenter center\u00a0\u00bb bg_repeat=\u00a0\u00bbno-repeat\u00a0\u00bb padding_top=\u00a0\u00bb40&Prime; padding_bottom=\u00a0\u00bb40&Prime; el_class=\u00a0\u00bbhas-bg-overlay overlay&#8211;left light-red small\u00a0\u00bb sidebar=\u00a0\u00bbsidebar-1&Prime;][vc_column][vc_row_inner][vc_column_inner width=\u00a0\u00bb1\/3&Prime;][mk_image src=\u00a0\u00bbhttp:\/\/asiattorney.com\/wp-content\/uploads\/image_mralbert.jpeg\u00a0\u00bb image_size=\u00a0\u00bbfull\u00a0\u00bb align=\u00a0\u00bbcenter\u00a0\u00bb][vc_column_text align=\u00a0\u00bbcenter\u00a0\u00bb css=\u00a0\u00bb.vc_custom_1576835558491{margin-bottom: 0px [&hellip;]","og_url":"https:\/\/www.asiattorney.com\/fr\/detail-albert-franceskinj\/","og_site_name":"Fidal Asiattorneys","article_publisher":"https:\/\/www.facebook.com\/FidalAsiattorneys","article_modified_time":"2023-07-21T12:41:57+00:00","twitter_card":"summary_large_image","twitter_misc":{"Dur\u00e9e de lecture estim\u00e9e":"3 minutes"},"schema":{"@context":"https:\/\/schema.org","@graph":[{"@type":"WebPage","@id":"https:\/\/www.asiattorney.com\/fr\/detail-albert-franceskinj\/","url":"https:\/\/www.asiattorney.com\/fr\/detail-albert-franceskinj\/","name":"Detail Albert Franceskinj - Fidal Asiattorneys","isPartOf":{"@id":"https:\/\/54.179.223.75\/#website"},"datePublished":"2018-06-21T10:07:00+00:00","dateModified":"2023-07-21T12:41:57+00:00","breadcrumb":{"@id":"https:\/\/www.asiattorney.com\/fr\/detail-albert-franceskinj\/#breadcrumb"},"inLanguage":"fr-FR","potentialAction":[{"@type":"ReadAction","target":["https:\/\/www.asiattorney.com\/fr\/detail-albert-franceskinj\/"]}]},{"@type":"BreadcrumbList","@id":"https:\/\/www.asiattorney.com\/fr\/detail-albert-franceskinj\/#breadcrumb","itemListElement":[{"@type":"ListItem","position":1,"name":"Home","item":"https:\/\/www.asiattorney.com\/fr\/"},{"@type":"ListItem","position":2,"name":"Detail Albert Franceskinj"}]},{"@type":"WebSite","@id":"https:\/\/54.179.223.75\/#website","url":"https:\/\/54.179.223.75\/","name":"Fidal Asiattorneys","description":"Your crossborder crossculture legal partner","publisher":{"@id":"https:\/\/54.179.223.75\/#organization"},"potentialAction":[{"@type":"SearchAction","target":{"@type":"EntryPoint","urlTemplate":"https:\/\/54.179.223.75\/?s={search_term_string}"},"query-input":{"@type":"PropertyValueSpecification","valueRequired":true,"valueName":"search_term_string"}}],"inLanguage":"fr-FR"},{"@type":"Organization","@id":"https:\/\/54.179.223.75\/#organization","name":"Fidal Asiattorneys","url":"https:\/\/54.179.223.75\/","logo":{"@type":"ImageObject","inLanguage":"fr-FR","@id":"https:\/\/54.179.223.75\/#\/schema\/logo\/image\/","url":"http:\/\/asiattorney.com\/wp-content\/uploads\/fidal-logo.jpg","contentUrl":"http:\/\/asiattorney.com\/wp-content\/uploads\/fidal-logo.jpg","width":311,"height":58,"caption":"Fidal Asiattorneys"},"image":{"@id":"https:\/\/54.179.223.75\/#\/schema\/logo\/image\/"},"sameAs":["https:\/\/www.facebook.com\/FidalAsiattorneys","https:\/\/www.linkedin.com\/company\/fidal-asiattorneys-vietnam\/"]}]}},"_links":{"self":[{"href":"https:\/\/www.asiattorney.com\/fr\/wp-json\/wp\/v2\/pages\/2168"}],"collection":[{"href":"https:\/\/www.asiattorney.com\/fr\/wp-json\/wp\/v2\/pages"}],"about":[{"href":"https:\/\/www.asiattorney.com\/fr\/wp-json\/wp\/v2\/types\/page"}],"author":[{"embeddable":true,"href":"https:\/\/www.asiattorney.com\/fr\/wp-json\/wp\/v2\/users\/5"}],"replies":[{"embeddable":true,"href":"https:\/\/www.asiattorney.com\/fr\/wp-json\/wp\/v2\/comments?post=2168"}],"version-history":[{"count":19,"href":"https:\/\/www.asiattorney.com\/fr\/wp-json\/wp\/v2\/pages\/2168\/revisions"}],"predecessor-version":[{"id":2963,"href":"https:\/\/www.asiattorney.com\/fr\/wp-json\/wp\/v2\/pages\/2168\/revisions\/2963"}],"wp:attachment":[{"href":"https:\/\/www.asiattorney.com\/fr\/wp-json\/wp\/v2\/media?parent=2168"}],"curies":[{"name":"wp","href":"https:\/\/api.w.org\/{rel}","templated":true}]}}